{"id":27,"date":"2021-11-17T18:12:44","date_gmt":"2021-11-17T18:12:44","guid":{"rendered":"https:\/\/oliverkunkel.com\/oliverkunkel\/neu\/?page_id=27"},"modified":"2022-01-17T08:44:51","modified_gmt":"2022-01-17T08:44:51","slug":"impressum","status":"publish","type":"page","link":"https:\/\/oliverkunkel.com\/oliverkunkel\/neu\/impressum\/","title":{"rendered":"IMPRESSUM"},"content":{"rendered":"\n<p><\/p>\n\n\n\n<h3 class=\"wp-block-heading\">Angaben gem\u00e4\u00df \u00a7 5 TMG<\/h3>\n\n\n\n<p>Oliver Kunkel<br>Bildender K\u00fcnstler<br>Dauner Strasse 20<br>50937 K\u00f6ln<\/p>\n\n\n\n<h3 class=\"wp-block-heading\">Kontakt<\/h3>\n\n\n\n<p>E-Mail:&nbsp;<a href=\"mailto:in@oliverkunkel.com\" rel=\"sponsored nofollow\">in@oliverkunkel.com<\/a><\/p>\n\n\n\n<h3 class=\"wp-block-heading\">Umsatzsteuer-ID<\/h3>\n\n\n\n<p>Umsatzsteuer-Identifikationsnummer gem\u00e4\u00df \u00a7 27 a Umsatzsteuergesetz:<br>DE 215676378<\/p>\n\n\n\n<h3 class=\"wp-block-heading\">Konzeption und Webdesign<\/h3>\n\n\n\n<p>Andrea Sch\u00f6nwandt, K\u00f6ln<\/p>\n\n\n\n<h3 class=\"wp-block-heading\">EU-Streitschlichtung<\/h3>\n\n\n\n<p>Die Europ\u00e4ische Kommission stellt eine Plattform zur Online-Streitbeilegung (OS) bereit:<br><a href=\"https:\/\/ec.europa.eu\/consumers\/odr\/\" target=\"_blank\" rel=\"noreferrer noopener\">https:\/\/ec.europa.eu\/consumers\/odr\/<\/a>.<br>Unsere E-Mail-Adresse finden Sie oben im Impressum.<\/p>\n\n\n\n<h3 class=\"wp-block-heading\">Verbraucher\u00adstreit\u00adbeilegung\/Universal\u00adschlichtungs\u00adstelle<\/h3>\n\n\n\n<p>Wir sind nicht bereit oder verpflichtet, an Streitbeilegungsverfahren vor einer Verbraucherschlichtungsstelle teilzunehmen.<\/p>\n","protected":false},"excerpt":{"rendered":"<p>Angaben gem\u00e4\u00df \u00a7 5 TMG Oliver KunkelBildender K\u00fcnstlerDauner Strasse 2050937 K\u00f6ln Kontakt E-Mail:&nbsp;in@oliverkunkel.com Umsatzsteuer-ID Umsatzsteuer-Identifikationsnummer gem\u00e4\u00df \u00a7 27 a Umsatzsteuergesetz:DE 215676378 Konzeption und Webdesign Andrea Sch\u00f6nwandt, K\u00f6ln EU-Streitschlichtung Die Europ\u00e4ische Kommission stellt eine Plattform zur Online-Streitbeilegung (OS) bereit:https:\/\/ec.europa.eu\/consumers\/odr\/.Unsere E-Mail-Adresse finden Sie oben im Impressum. Verbraucher\u00adstreit\u00adbeilegung\/Universal\u00adschlichtungs\u00adstelle Wir sind nicht bereit oder verpflichtet, an Streitbeilegungsverfahren vor einer Verbraucherschlichtungsstelle teilzunehmen.<\/p>\n","protected":false},"author":1,"featured_media":0,"parent":0,"menu_order":0,"comment_status":"closed","ping_status":"closed","template":"","meta":{"footnotes":""},"class_list":["post-27","page","type-page","status-publish","hentry"],"yoast_head":"<!-- This site is optimized with the Yoast SEO plugin v23.2 - https:\/\/yoast.com\/wordpress\/plugins\/seo\/ -->\n<title>IMPRESSUM - oliverkunkel.com<\/title>\n<meta name=\"robots\" content=\"noindex, follow, max-snippet:-1, max-image-preview:large, max-video-preview:-1\" \/>\n<meta property=\"og:locale\" content=\"de_DE\" \/>\n<meta property=\"og:type\" content=\"article\" \/>\n<meta property=\"og:title\" content=\"IMPRESSUM - oliverkunkel.com\" \/>\n<meta property=\"og:description\" content=\"Angaben gem\u00e4\u00df \u00a7 5 TMG Oliver KunkelBildender K\u00fcnstlerDauner Strasse 2050937 K\u00f6ln Kontakt E-Mail:&nbsp;in@oliverkunkel.com Umsatzsteuer-ID Umsatzsteuer-Identifikationsnummer gem\u00e4\u00df \u00a7 27 a Umsatzsteuergesetz:DE 215676378 Konzeption und Webdesign Andrea Sch\u00f6nwandt, K\u00f6ln EU-Streitschlichtung Die Europ\u00e4ische Kommission stellt eine Plattform zur Online-Streitbeilegung (OS) bereit:https:\/\/ec.europa.eu\/consumers\/odr\/.Unsere E-Mail-Adresse finden Sie oben im Impressum. Verbraucher\u00adstreit\u00adbeilegung\/Universal\u00adschlichtungs\u00adstelle Wir sind nicht bereit oder verpflichtet, an Streitbeilegungsverfahren vor einer Verbraucherschlichtungsstelle teilzunehmen.\" \/>\n<meta property=\"og:url\" content=\"https:\/\/oliverkunkel.com\/oliverkunkel\/neu\/impressum\/\" \/>\n<meta property=\"og:site_name\" content=\"oliverkunkel.com\" \/>\n<meta property=\"article:modified_time\" content=\"2022-01-17T08:44:51+00:00\" \/>\n<meta name=\"twitter:card\" content=\"summary_large_image\" \/>\n<meta name=\"twitter:label1\" content=\"Gesch\u00e4tzte Lesezeit\" \/>\n\t<meta name=\"twitter:data1\" content=\"1\u00a0Minute\" \/>\n<script type=\"application\/ld+json\" class=\"yoast-schema-graph\">{\"@context\":\"https:\/\/schema.org\",\"@graph\":[{\"@type\":\"WebPage\",\"@id\":\"https:\/\/oliverkunkel.com\/oliverkunkel\/neu\/impressum\/\",\"url\":\"https:\/\/oliverkunkel.com\/oliverkunkel\/neu\/impressum\/\",\"name\":\"IMPRESSUM - oliverkunkel.com\",\"isPartOf\":{\"@id\":\"https:\/\/oliverkunkel.com\/oliverkunkel\/neu\/#website\"},\"datePublished\":\"2021-11-17T18:12:44+00:00\",\"dateModified\":\"2022-01-17T08:44:51+00:00\",\"breadcrumb\":{\"@id\":\"https:\/\/oliverkunkel.com\/oliverkunkel\/neu\/impressum\/#breadcrumb\"},\"inLanguage\":\"de\",\"potentialAction\":[{\"@type\":\"ReadAction\",\"target\":[\"https:\/\/oliverkunkel.com\/oliverkunkel\/neu\/impressum\/\"]}]},{\"@type\":\"BreadcrumbList\",\"@id\":\"https:\/\/oliverkunkel.com\/oliverkunkel\/neu\/impressum\/#breadcrumb\",\"itemListElement\":[{\"@type\":\"ListItem\",\"position\":1,\"name\":\"Startseite\",\"item\":\"https:\/\/oliverkunkel.com\/oliverkunkel\/neu\/\"},{\"@type\":\"ListItem\",\"position\":2,\"name\":\"IMPRESSUM\"}]},{\"@type\":\"WebSite\",\"@id\":\"https:\/\/oliverkunkel.com\/oliverkunkel\/neu\/#website\",\"url\":\"https:\/\/oliverkunkel.com\/oliverkunkel\/neu\/\",\"name\":\"oliverkunkel.com\",\"description\":\"artist\",\"potentialAction\":[{\"@type\":\"SearchAction\",\"target\":{\"@type\":\"EntryPoint\",\"urlTemplate\":\"https:\/\/oliverkunkel.com\/oliverkunkel\/neu\/?s={search_term_string}\"},\"query-input\":\"required name=search_term_string\"}],\"inLanguage\":\"de\"}]}<\/script>\n<!-- \/ Yoast SEO plugin. -->","yoast_head_json":{"title":"IMPRESSUM - oliverkunkel.com","robots":{"index":"noindex","follow":"follow","max-snippet":"max-snippet:-1","max-image-preview":"max-image-preview:large","max-video-preview":"max-video-preview:-1"},"og_locale":"de_DE","og_type":"article","og_title":"IMPRESSUM - oliverkunkel.com","og_description":"Angaben gem\u00e4\u00df \u00a7 5 TMG Oliver KunkelBildender K\u00fcnstlerDauner Strasse 2050937 K\u00f6ln Kontakt E-Mail:&nbsp;in@oliverkunkel.com Umsatzsteuer-ID Umsatzsteuer-Identifikationsnummer gem\u00e4\u00df \u00a7 27 a Umsatzsteuergesetz:DE 215676378 Konzeption und Webdesign Andrea Sch\u00f6nwandt, K\u00f6ln EU-Streitschlichtung Die Europ\u00e4ische Kommission stellt eine Plattform zur Online-Streitbeilegung (OS) bereit:https:\/\/ec.europa.eu\/consumers\/odr\/.Unsere E-Mail-Adresse finden Sie oben im Impressum. Verbraucher\u00adstreit\u00adbeilegung\/Universal\u00adschlichtungs\u00adstelle Wir sind nicht bereit oder verpflichtet, an Streitbeilegungsverfahren vor einer Verbraucherschlichtungsstelle teilzunehmen.","og_url":"https:\/\/oliverkunkel.com\/oliverkunkel\/neu\/impressum\/","og_site_name":"oliverkunkel.com","article_modified_time":"2022-01-17T08:44:51+00:00","twitter_card":"summary_large_image","twitter_misc":{"Gesch\u00e4tzte Lesezeit":"1\u00a0Minute"},"schema":{"@context":"https:\/\/schema.org","@graph":[{"@type":"WebPage","@id":"https:\/\/oliverkunkel.com\/oliverkunkel\/neu\/impressum\/","url":"https:\/\/oliverkunkel.com\/oliverkunkel\/neu\/impressum\/","name":"IMPRESSUM - oliverkunkel.com","isPartOf":{"@id":"https:\/\/oliverkunkel.com\/oliverkunkel\/neu\/#website"},"datePublished":"2021-11-17T18:12:44+00:00","dateModified":"2022-01-17T08:44:51+00:00","breadcrumb":{"@id":"https:\/\/oliverkunkel.com\/oliverkunkel\/neu\/impressum\/#breadcrumb"},"inLanguage":"de","potentialAction":[{"@type":"ReadAction","target":["https:\/\/oliverkunkel.com\/oliverkunkel\/neu\/impressum\/"]}]},{"@type":"BreadcrumbList","@id":"https:\/\/oliverkunkel.com\/oliverkunkel\/neu\/impressum\/#breadcrumb","itemListElement":[{"@type":"ListItem","position":1,"name":"Startseite","item":"https:\/\/oliverkunkel.com\/oliverkunkel\/neu\/"},{"@type":"ListItem","position":2,"name":"IMPRESSUM"}]},{"@type":"WebSite","@id":"https:\/\/oliverkunkel.com\/oliverkunkel\/neu\/#website","url":"https:\/\/oliverkunkel.com\/oliverkunkel\/neu\/","name":"oliverkunkel.com","description":"artist","potentialAction":[{"@type":"SearchAction","target":{"@type":"EntryPoint","urlTemplate":"https:\/\/oliverkunkel.com\/oliverkunkel\/neu\/?s={search_term_string}"},"query-input":"required name=search_term_string"}],"inLanguage":"de"}]}},"acf":[],"_links":{"self":[{"href":"https:\/\/oliverkunkel.com\/oliverkunkel\/neu\/wp-json\/wp\/v2\/pages\/27"}],"collection":[{"href":"https:\/\/oliverkunkel.com\/oliverkunkel\/neu\/wp-json\/wp\/v2\/pages"}],"about":[{"href":"https:\/\/oliverkunkel.com\/oliverkunkel\/neu\/wp-json\/wp\/v2\/types\/page"}],"author":[{"embeddable":true,"href":"https:\/\/oliverkunkel.com\/oliverkunkel\/neu\/wp-json\/wp\/v2\/users\/1"}],"replies":[{"embeddable":true,"href":"https:\/\/oliverkunkel.com\/oliverkunkel\/neu\/wp-json\/wp\/v2\/comments?post=27"}],"version-history":[{"count":7,"href":"https:\/\/oliverkunkel.com\/oliverkunkel\/neu\/wp-json\/wp\/v2\/pages\/27\/revisions"}],"predecessor-version":[{"id":576,"href":"https:\/\/oliverkunkel.com\/oliverkunkel\/neu\/wp-json\/wp\/v2\/pages\/27\/revisions\/576"}],"wp:attachment":[{"href":"https:\/\/oliverkunkel.com\/oliverkunkel\/neu\/wp-json\/wp\/v2\/media?parent=27"}],"curies":[{"name":"wp","href":"https:\/\/api.w.org\/{rel}","templated":true}]}}