{"id":290,"date":"2021-12-10T11:03:13","date_gmt":"2021-12-10T11:03:13","guid":{"rendered":"https:\/\/oliverkunkel.com\/oliverkunkel\/neu\/?page_id=290"},"modified":"2021-12-20T09:07:07","modified_gmt":"2021-12-20T09:07:07","slug":"oliver-kunkel-artist","status":"publish","type":"page","link":"https:\/\/oliverkunkel.com\/oliverkunkel\/neu\/","title":{"rendered":"Home"},"content":{"rendered":"\n<div style=\"height:15px\" aria-hidden=\"true\" class=\"wp-block-spacer\"><\/div>\n\n\n\n<h1 class=\"has-text-align-left wp-block-heading\" style=\"font-size:33px\">Oliver Kunkel &#8211; K\u00fcnstler<\/h1>\n\n\n\n<div style=\"height:50px\" aria-hidden=\"true\" class=\"wp-block-spacer\"><\/div>\n\n\n\n<div class=\"wp-block-columns is-layout-flex wp-container-core-columns-is-layout-2 wp-block-columns-is-layout-flex\">\n<div class=\"wp-block-column is-layout-flow wp-block-column-is-layout-flow\" style=\"flex-basis:66.66%\">\n<h3 class=\"wp-block-heading\">ZITATE <\/h3>\n\n\n\n<blockquote class=\"wp-block-quote is-layout-flow wp-block-quote-is-layout-flow\"><p>\u201eFokussiere all deine Energie nicht auf das Bek\u00e4mpfen des Alten, sondern auf das Erschaffen des Neuen.\u201c&nbsp;<\/p><cite>(Sokrates)<\/cite><\/blockquote>\n\n\n\n<blockquote class=\"wp-block-quote is-layout-flow wp-block-quote-is-layout-flow\"><p>\u201eDer wichtigste Artenschutz ist und bleibt der Klimaschutz.\u201c<\/p><cite>(Philipp Vohrer)<\/cite><\/blockquote>\n\n\n\n<blockquote class=\"wp-block-quote is-layout-flow wp-block-quote-is-layout-flow\"><p>\u201eErst wenn der letzte Baum gerodet, der letzte Fluss vergiftet, der letzte Fisch gefangen ist, werdet ihr feststellen, dass man Geld nicht essen kann.\u201c&nbsp;<\/p><cite>(Weisheit der Cree)<\/cite><\/blockquote>\n\n\n\n<blockquote class=\"wp-block-quote is-layout-flow wp-block-quote-is-layout-flow\"><p>\u201eDer heutige Mensch ist der Natur gef\u00e4hrlicher geworden, als sie ihm jemals war.\u201c&nbsp;<\/p><cite>(Hans Jonas)<\/cite><\/blockquote>\n\n\n\n<blockquote class=\"wp-block-quote is-layout-flow wp-block-quote-is-layout-flow\"><p>\u201eDie Erde ist nicht nur unser gemeinsames Erbe, sie ist auch die Quelle des Lebens.\u201c&nbsp;<\/p><cite>(Dalai Lama)<\/cite><\/blockquote>\n\n\n\n<div style=\"height:15px\" aria-hidden=\"true\" class=\"wp-block-spacer\"><\/div>\n\n\n\n<div class=\"wp-block-image is-style-default\"><figure class=\"alignleft size-full\"><a href=\"https:\/\/oliverkunkel.com\/oliverkunkel\/neu\/wp-content\/uploads\/2021\/12\/mirror-mirror-oliver-kunkel-11.jpg\"><img loading=\"lazy\" decoding=\"async\" width=\"800\" height=\"555\" src=\"https:\/\/oliverkunkel.com\/oliverkunkel\/neu\/wp-content\/uploads\/2021\/12\/mirror-mirror-oliver-kunkel-11.jpg\" alt=\"Ausstellung &quot;mirror, mirror, what went wrong?&quot; - im Matj\u00f6-Kunstraum K\u00f6ln - (c) Oliver Kunkel\" class=\"wp-image-495\" srcset=\"https:\/\/oliverkunkel.com\/oliverkunkel\/neu\/wp-content\/uploads\/2021\/12\/mirror-mirror-oliver-kunkel-11.jpg 800w, https:\/\/oliverkunkel.com\/oliverkunkel\/neu\/wp-content\/uploads\/2021\/12\/mirror-mirror-oliver-kunkel-11-300x208.jpg 300w, https:\/\/oliverkunkel.com\/oliverkunkel\/neu\/wp-content\/uploads\/2021\/12\/mirror-mirror-oliver-kunkel-11-768x533.jpg 768w\" sizes=\"(max-width: 800px) 100vw, 800px\" \/><\/a><figcaption>Einladung zur Ausstellung &#8222;mirror, mirror, what went wrong?&#8220; &#8211; (c) Oliver Kunkel<\/figcaption><\/figure><\/div>\n<\/div>\n\n\n\n<div class=\"wp-block-column is-vertically-aligned-top is-layout-flow wp-block-column-is-layout-flow\" style=\"flex-basis:33.33%\">\n<div class=\"wp-block-query is-layout-flow wp-block-query-is-layout-flow\">\n<div class=\"wp-block-columns is-layout-flex wp-container-core-columns-is-layout-1 wp-block-columns-is-layout-flex\">\n<div class=\"wp-block-column is-layout-flow wp-block-column-is-layout-flow\" style=\"flex-basis:100%\"><ul class=\"wp-block-post-template is-layout-flow wp-block-post-template-is-layout-flow\"><li class=\"wp-block-post post-134 post type-post status-publish format-standard hentry category-arbeiten\">\n<h2 class=\"wp-block-post-title\">&#8222;mirror, mirror, what went wrong?&#8220;<\/h2>\n\n<div class=\"wp-block-post-excerpt\"><p class=\"wp-block-post-excerpt__excerpt\">Das James-Webb-Weltraumteleskop ist ein Infrarot-Weltraumteleskop, dessen Start f\u00fcr das Jahr 2014 geplant war und aktuell auf Oktober 2021 datiert ist. Das Gemeinschaftsprojekt der Weltraumagenturen NASA, ESA und CSA hat neben anderen auch das konkrete Ziel, Planetensysteme und ihre Eignung f\u00fcr Leben zu untersuchen, anders gesagt: einen Planeten B zu finden&#8230;<\/p><p class=\"wp-block-post-excerpt__more-text\"><a class=\"wp-block-post-excerpt__more-link\" href=\"https:\/\/oliverkunkel.com\/oliverkunkel\/neu\/mirror-mirror\/\"><a href=\"https:\/\/oliverkunkel.com\/oliverkunkel\/neu\/category\/arbeiten\/\">weiterlesen &#8230;<\/a><\/a><\/p><\/div>\n\n\n<div style=\"height:15px\" aria-hidden=\"true\" class=\"wp-block-spacer\"><\/div>\n\n<\/li><li class=\"wp-block-post post-468 post type-post status-publish format-standard hentry category-arbeiten\">\n<h2 class=\"wp-block-post-title\">\u201cbluecoast 2.0\u201d<\/h2>\n\n<div class=\"wp-block-post-excerpt\"><p class=\"wp-block-post-excerpt__excerpt\">Das Kunstwerk \u201cBLUECOAST 2.0\u201d ist eine komplexe Installation, die aus verschiedenen Kunstwerken wie Skulpturen, Zeichnungen, Drucken und Videos, aber auch aus gesammeltem Material wie B\u00fcchern, M\u00f6beln, Found Footage Video- und Fotomaterial und so weiter besteht&#8230;<\/p><p class=\"wp-block-post-excerpt__more-text\"><a class=\"wp-block-post-excerpt__more-link\" href=\"https:\/\/oliverkunkel.com\/oliverkunkel\/neu\/bluecoast-2-0\/\"><a href=\"https:\/\/oliverkunkel.com\/oliverkunkel\/neu\/category\/arbeiten\/\">weiterlesen &#8230;<\/a><\/a><\/p><\/div>\n\n\n<div style=\"height:15px\" aria-hidden=\"true\" class=\"wp-block-spacer\"><\/div>\n\n<\/li><li class=\"wp-block-post post-465 post type-post status-publish format-standard hentry category-arbeiten\">\n<h2 class=\"wp-block-post-title\">&#8222;restaurant of alien spicies&#8220;<\/h2>\n\n<div class=\"wp-block-post-excerpt\"><p class=\"wp-block-post-excerpt__excerpt\">Das \u201cRestaurant\u201d &#8211; ist ein Ort der aus lokal, invasivem Material (Holz) hergestellt wird. Aus B\u00e4umen die heimische Arten verdr\u00e4ngen und deren Vernichtung sich, f\u00fcr die zust\u00e4ndigen Beh\u00f6rden als \u00e4u\u00dferst schwierig erweist&#8230;<\/p><p class=\"wp-block-post-excerpt__more-text\"><a class=\"wp-block-post-excerpt__more-link\" href=\"https:\/\/oliverkunkel.com\/oliverkunkel\/neu\/restaurant-of-alien-spicies\/\"><a href=\"https:\/\/oliverkunkel.com\/oliverkunkel\/neu\/category\/arbeiten\/\">weiterlesen &#8230;<\/a><\/a><\/p><\/div>\n\n\n<div style=\"height:15px\" aria-hidden=\"true\" class=\"wp-block-spacer\"><\/div>\n\n<\/li><\/ul><\/div>\n<\/div>\n<\/div>\n<\/div>\n<\/div>\n\n\n\n<div style=\"height:30px\" aria-hidden=\"true\" class=\"wp-block-spacer\"><\/div>\n","protected":false},"excerpt":{"rendered":"<p>Oliver Kunkel &#8211; K\u00fcnstler ZITATE \u201eFokussiere all deine Energie nicht auf das Bek\u00e4mpfen des Alten, sondern auf das Erschaffen des Neuen.\u201c&nbsp; (Sokrates) \u201eDer wichtigste Artenschutz ist und bleibt der Klimaschutz.\u201c (Philipp Vohrer) \u201eErst wenn der letzte Baum gerodet, der letzte Fluss vergiftet, der letzte Fisch gefangen ist, werdet ihr feststellen, dass man Geld nicht essen kann.\u201c&nbsp; (Weisheit der Cree) \u201eDer heutige Mensch ist der Natur gef\u00e4hrlicher geworden, als sie ihm jemals war.\u201c&nbsp; (Hans Jonas) \u201eDie Erde ist nicht nur unser gemeinsames Erbe, sie ist auch die Quelle des Lebens.\u201c&nbsp; (Dalai Lama)<\/p>\n","protected":false},"author":1,"featured_media":0,"parent":0,"menu_order":0,"comment_status":"closed","ping_status":"closed","template":"","meta":{"footnotes":""},"class_list":["post-290","page","type-page","status-publish","hentry"],"yoast_head":"<!-- This site is optimized with the Yoast SEO plugin v23.2 - https:\/\/yoast.com\/wordpress\/plugins\/seo\/ -->\n<title>Home - oliverkunkel.com<\/title>\n<meta name=\"robots\" content=\"noindex, follow, max-snippet:-1, max-image-preview:large, max-video-preview:-1\" \/>\n<meta property=\"og:locale\" content=\"de_DE\" \/>\n<meta property=\"og:type\" content=\"article\" \/>\n<meta property=\"og:title\" content=\"Home - oliverkunkel.com\" \/>\n<meta property=\"og:description\" content=\"Oliver Kunkel &#8211; K\u00fcnstler ZITATE \u201eFokussiere all deine Energie nicht auf das Bek\u00e4mpfen des Alten, sondern auf das Erschaffen des Neuen.\u201c&nbsp; (Sokrates) \u201eDer wichtigste Artenschutz ist und bleibt der Klimaschutz.\u201c (Philipp Vohrer) \u201eErst wenn der letzte Baum gerodet, der letzte Fluss vergiftet, der letzte Fisch gefangen ist, werdet ihr feststellen, dass man Geld nicht essen kann.\u201c&nbsp; (Weisheit der Cree) \u201eDer heutige Mensch ist der Natur gef\u00e4hrlicher geworden, als sie ihm jemals war.\u201c&nbsp; (Hans Jonas) \u201eDie Erde ist nicht nur unser gemeinsames Erbe, sie ist auch die Quelle des Lebens.\u201c&nbsp; (Dalai Lama)\" \/>\n<meta property=\"og:url\" content=\"https:\/\/oliverkunkel.com\/oliverkunkel\/neu\/\" \/>\n<meta property=\"og:site_name\" content=\"oliverkunkel.com\" \/>\n<meta property=\"article:modified_time\" content=\"2021-12-20T09:07:07+00:00\" \/>\n<meta property=\"og:image\" content=\"http:\/\/oliverkunkel.com\/oliverkunkel\/neu\/wp-content\/uploads\/2021\/12\/mirror-mirror-oliver-kunkel-11.jpg\" \/>\n<meta name=\"twitter:card\" content=\"summary_large_image\" \/>\n<meta name=\"twitter:label1\" content=\"Gesch\u00e4tzte Lesezeit\" \/>\n\t<meta name=\"twitter:data1\" content=\"1\u00a0Minute\" \/>\n<script type=\"application\/ld+json\" class=\"yoast-schema-graph\">{\"@context\":\"https:\/\/schema.org\",\"@graph\":[{\"@type\":\"WebPage\",\"@id\":\"https:\/\/oliverkunkel.com\/oliverkunkel\/neu\/\",\"url\":\"https:\/\/oliverkunkel.com\/oliverkunkel\/neu\/\",\"name\":\"Home - oliverkunkel.com\",\"isPartOf\":{\"@id\":\"https:\/\/oliverkunkel.com\/oliverkunkel\/neu\/#website\"},\"primaryImageOfPage\":{\"@id\":\"https:\/\/oliverkunkel.com\/oliverkunkel\/neu\/#primaryimage\"},\"image\":{\"@id\":\"https:\/\/oliverkunkel.com\/oliverkunkel\/neu\/#primaryimage\"},\"thumbnailUrl\":\"http:\/\/oliverkunkel.com\/oliverkunkel\/neu\/wp-content\/uploads\/2021\/12\/mirror-mirror-oliver-kunkel-11.jpg\",\"datePublished\":\"2021-12-10T11:03:13+00:00\",\"dateModified\":\"2021-12-20T09:07:07+00:00\",\"breadcrumb\":{\"@id\":\"https:\/\/oliverkunkel.com\/oliverkunkel\/neu\/#breadcrumb\"},\"inLanguage\":\"de\",\"potentialAction\":[{\"@type\":\"ReadAction\",\"target\":[\"https:\/\/oliverkunkel.com\/oliverkunkel\/neu\/\"]}]},{\"@type\":\"ImageObject\",\"inLanguage\":\"de\",\"@id\":\"https:\/\/oliverkunkel.com\/oliverkunkel\/neu\/#primaryimage\",\"url\":\"http:\/\/oliverkunkel.com\/oliverkunkel\/neu\/wp-content\/uploads\/2021\/12\/mirror-mirror-oliver-kunkel-11.jpg\",\"contentUrl\":\"http:\/\/oliverkunkel.com\/oliverkunkel\/neu\/wp-content\/uploads\/2021\/12\/mirror-mirror-oliver-kunkel-11.jpg\"},{\"@type\":\"BreadcrumbList\",\"@id\":\"https:\/\/oliverkunkel.com\/oliverkunkel\/neu\/#breadcrumb\",\"itemListElement\":[{\"@type\":\"ListItem\",\"position\":1,\"name\":\"Startseite\",\"item\":\"https:\/\/oliverkunkel.com\/oliverkunkel\/neu\/\"},{\"@type\":\"ListItem\",\"position\":2,\"name\":\"Home\"}]},{\"@type\":\"WebSite\",\"@id\":\"https:\/\/oliverkunkel.com\/oliverkunkel\/neu\/#website\",\"url\":\"https:\/\/oliverkunkel.com\/oliverkunkel\/neu\/\",\"name\":\"oliverkunkel.com\",\"description\":\"artist\",\"potentialAction\":[{\"@type\":\"SearchAction\",\"target\":{\"@type\":\"EntryPoint\",\"urlTemplate\":\"https:\/\/oliverkunkel.com\/oliverkunkel\/neu\/?s={search_term_string}\"},\"query-input\":\"required name=search_term_string\"}],\"inLanguage\":\"de\"}]}<\/script>\n<!-- \/ Yoast SEO plugin. -->","yoast_head_json":{"title":"Home - oliverkunkel.com","robots":{"index":"noindex","follow":"follow","max-snippet":"max-snippet:-1","max-image-preview":"max-image-preview:large","max-video-preview":"max-video-preview:-1"},"og_locale":"de_DE","og_type":"article","og_title":"Home - oliverkunkel.com","og_description":"Oliver Kunkel &#8211; K\u00fcnstler ZITATE \u201eFokussiere all deine Energie nicht auf das Bek\u00e4mpfen des Alten, sondern auf das Erschaffen des Neuen.\u201c&nbsp; (Sokrates) \u201eDer wichtigste Artenschutz ist und bleibt der Klimaschutz.\u201c (Philipp Vohrer) \u201eErst wenn der letzte Baum gerodet, der letzte Fluss vergiftet, der letzte Fisch gefangen ist, werdet ihr feststellen, dass man Geld nicht essen kann.\u201c&nbsp; (Weisheit der Cree) \u201eDer heutige Mensch ist der Natur gef\u00e4hrlicher geworden, als sie ihm jemals war.\u201c&nbsp; (Hans Jonas) \u201eDie Erde ist nicht nur unser gemeinsames Erbe, sie ist auch die Quelle des Lebens.\u201c&nbsp; (Dalai Lama)","og_url":"https:\/\/oliverkunkel.com\/oliverkunkel\/neu\/","og_site_name":"oliverkunkel.com","article_modified_time":"2021-12-20T09:07:07+00:00","og_image":[{"url":"http:\/\/oliverkunkel.com\/oliverkunkel\/neu\/wp-content\/uploads\/2021\/12\/mirror-mirror-oliver-kunkel-11.jpg"}],"twitter_card":"summary_large_image","twitter_misc":{"Gesch\u00e4tzte Lesezeit":"1\u00a0Minute"},"schema":{"@context":"https:\/\/schema.org","@graph":[{"@type":"WebPage","@id":"https:\/\/oliverkunkel.com\/oliverkunkel\/neu\/","url":"https:\/\/oliverkunkel.com\/oliverkunkel\/neu\/","name":"Home - oliverkunkel.com","isPartOf":{"@id":"https:\/\/oliverkunkel.com\/oliverkunkel\/neu\/#website"},"primaryImageOfPage":{"@id":"https:\/\/oliverkunkel.com\/oliverkunkel\/neu\/#primaryimage"},"image":{"@id":"https:\/\/oliverkunkel.com\/oliverkunkel\/neu\/#primaryimage"},"thumbnailUrl":"http:\/\/oliverkunkel.com\/oliverkunkel\/neu\/wp-content\/uploads\/2021\/12\/mirror-mirror-oliver-kunkel-11.jpg","datePublished":"2021-12-10T11:03:13+00:00","dateModified":"2021-12-20T09:07:07+00:00","breadcrumb":{"@id":"https:\/\/oliverkunkel.com\/oliverkunkel\/neu\/#breadcrumb"},"inLanguage":"de","potentialAction":[{"@type":"ReadAction","target":["https:\/\/oliverkunkel.com\/oliverkunkel\/neu\/"]}]},{"@type":"ImageObject","inLanguage":"de","@id":"https:\/\/oliverkunkel.com\/oliverkunkel\/neu\/#primaryimage","url":"http:\/\/oliverkunkel.com\/oliverkunkel\/neu\/wp-content\/uploads\/2021\/12\/mirror-mirror-oliver-kunkel-11.jpg","contentUrl":"http:\/\/oliverkunkel.com\/oliverkunkel\/neu\/wp-content\/uploads\/2021\/12\/mirror-mirror-oliver-kunkel-11.jpg"},{"@type":"BreadcrumbList","@id":"https:\/\/oliverkunkel.com\/oliverkunkel\/neu\/#breadcrumb","itemListElement":[{"@type":"ListItem","position":1,"name":"Startseite","item":"https:\/\/oliverkunkel.com\/oliverkunkel\/neu\/"},{"@type":"ListItem","position":2,"name":"Home"}]},{"@type":"WebSite","@id":"https:\/\/oliverkunkel.com\/oliverkunkel\/neu\/#website","url":"https:\/\/oliverkunkel.com\/oliverkunkel\/neu\/","name":"oliverkunkel.com","description":"artist","potentialAction":[{"@type":"SearchAction","target":{"@type":"EntryPoint","urlTemplate":"https:\/\/oliverkunkel.com\/oliverkunkel\/neu\/?s={search_term_string}"},"query-input":"required name=search_term_string"}],"inLanguage":"de"}]}},"acf":[],"_links":{"self":[{"href":"https:\/\/oliverkunkel.com\/oliverkunkel\/neu\/wp-json\/wp\/v2\/pages\/290"}],"collection":[{"href":"https:\/\/oliverkunkel.com\/oliverkunkel\/neu\/wp-json\/wp\/v2\/pages"}],"about":[{"href":"https:\/\/oliverkunkel.com\/oliverkunkel\/neu\/wp-json\/wp\/v2\/types\/page"}],"author":[{"embeddable":true,"href":"https:\/\/oliverkunkel.com\/oliverkunkel\/neu\/wp-json\/wp\/v2\/users\/1"}],"replies":[{"embeddable":true,"href":"https:\/\/oliverkunkel.com\/oliverkunkel\/neu\/wp-json\/wp\/v2\/comments?post=290"}],"version-history":[{"count":33,"href":"https:\/\/oliverkunkel.com\/oliverkunkel\/neu\/wp-json\/wp\/v2\/pages\/290\/revisions"}],"predecessor-version":[{"id":570,"href":"https:\/\/oliverkunkel.com\/oliverkunkel\/neu\/wp-json\/wp\/v2\/pages\/290\/revisions\/570"}],"wp:attachment":[{"href":"https:\/\/oliverkunkel.com\/oliverkunkel\/neu\/wp-json\/wp\/v2\/media?parent=290"}],"curies":[{"name":"wp","href":"https:\/\/api.w.org\/{rel}","templated":true}]}}