{"id":33,"date":"2021-11-17T18:40:14","date_gmt":"2021-11-17T18:40:14","guid":{"rendered":"https:\/\/oliverkunkel.com\/oliverkunkel\/neu\/?page_id=33"},"modified":"2021-12-20T09:06:51","modified_gmt":"2021-12-20T09:06:51","slug":"vita","status":"publish","type":"page","link":"https:\/\/oliverkunkel.com\/oliverkunkel\/neu\/vita\/","title":{"rendered":"VITA"},"content":{"rendered":"\n<div style=\"height:15px\" aria-hidden=\"true\" class=\"wp-block-spacer\"><\/div>\n\n\n\n<h1 class=\"has-text-align-left wp-block-heading\" style=\"font-size:33px\">Vita<\/h1>\n\n\n\n<div style=\"height:50px\" aria-hidden=\"true\" class=\"wp-block-spacer\"><\/div>\n\n\n\n<h2 class=\"wp-block-heading\" style=\"font-size:23px\"> Oliver Kunkel &#8211; K\u00fcnstler <\/h2>\n\n\n\n<p>  *1973 in Frankfurt am Main | lebt und arbeitet in K\u00f6ln  <\/p>\n\n\n\n<div style=\"height:25px\" aria-hidden=\"true\" class=\"wp-block-spacer\"><\/div>\n\n\n\n<div class=\"wp-block-image is-style-default\"><figure class=\"alignleft size-full is-resized\"><img loading=\"lazy\" decoding=\"async\" src=\"https:\/\/oliverkunkel.com\/oliverkunkel\/neu\/wp-content\/uploads\/2021\/11\/oliver-kunkel-artist-portrait-by-andrea-schoenwandt-koeln.jpg\" alt=\"Oliver Kunkel - Artist\" class=\"wp-image-73\" width=\"400\" height=\"267\" srcset=\"https:\/\/oliverkunkel.com\/oliverkunkel\/neu\/wp-content\/uploads\/2021\/11\/oliver-kunkel-artist-portrait-by-andrea-schoenwandt-koeln.jpg 800w, https:\/\/oliverkunkel.com\/oliverkunkel\/neu\/wp-content\/uploads\/2021\/11\/oliver-kunkel-artist-portrait-by-andrea-schoenwandt-koeln-300x200.jpg 300w, https:\/\/oliverkunkel.com\/oliverkunkel\/neu\/wp-content\/uploads\/2021\/11\/oliver-kunkel-artist-portrait-by-andrea-schoenwandt-koeln-768x512.jpg 768w, https:\/\/oliverkunkel.com\/oliverkunkel\/neu\/wp-content\/uploads\/2021\/11\/oliver-kunkel-artist-portrait-by-andrea-schoenwandt-koeln-200x133.jpg 200w, https:\/\/oliverkunkel.com\/oliverkunkel\/neu\/wp-content\/uploads\/2021\/11\/oliver-kunkel-artist-portrait-by-andrea-schoenwandt-koeln-660x440.jpg 660w\" sizes=\"(max-width: 400px) 100vw, 400px\" \/><figcaption>Oliver Kunkel  | (c) Foto Andrea Sch\u00f6nwandt &#8211; K\u00f6ln <\/figcaption><\/figure><\/div>\n\n\n\n<div style=\"height:30px\" aria-hidden=\"true\" class=\"wp-block-spacer\"><\/div>\n\n\n\n<h2 class=\"has-medium-font-size wp-block-heading\">Ausbildung<\/h2>\n\n\n\n<div style=\"height:20px\" aria-hidden=\"true\" class=\"wp-block-spacer\"><\/div>\n\n\n\n<p>2001 bis 2007 \u2013 Studium an der <a rel=\"noreferrer noopener\" href=\"https:\/\/www.khm.de\/\" data-type=\"URL\" data-id=\"https:\/\/www.khm.de\/\" target=\"_blank\">Kunsthochschule f\u00fcr Medien K\u00f6ln<\/a> | Diplom &#8211; Valie Export Stahl Stenslie, Peter Zimmermann, Marcel Odenbach, Juergen Klauke<\/p>\n\n\n\n<p>2004 bis 2006 \u2013 Gaststudent an der <a rel=\"noreferrer noopener\" href=\"https:\/\/www.kunstakademie-duesseldorf.de\/\" target=\"_blank\">Kunstakademie D\u00fcsseldorf<\/a> | Klasse Rosemarie Trockel<\/p>\n\n\n\n<p>Oliver Kunkel bewegt sich in seinen Arbeiten an der Grenze zur Wissenschaft. Hierbei ist die Biologie die wohl am h\u00e4ufigsten auftauchende Disziplin. Er bedient sich zum Beispiel des Verhaltens von Insekten, Pflanzen, V\u00f6geln usw., oder aber der Ergebnisse der Klimaforschung, welche eine Grundlage f\u00fcr seine Arbeiten sein k\u00f6nnen.<\/p>\n\n\n\n<p>Auf diese Weise entstehen komplexe und vielschichtige Arbeiten, die h\u00e4ufig auch auf den ersten Blick nicht direkt als \u201eKunst\u201c erscheinen. Der konzeptuelle Unterbau und oft auch nur der genaue zweite Blick lassen erahnen, dass es sich hierbei um sehr genau geplante und durchdachte Werke handelt. Somit ist viel Zeit beim betrachten und entdecken seiner Arbeiten n\u00f6tig und wichtig.<\/p>\n","protected":false},"excerpt":{"rendered":"<p>Vita Oliver Kunkel &#8211; K\u00fcnstler *1973 in Frankfurt am Main | lebt und arbeitet in K\u00f6ln Ausbildung 2001 bis 2007 \u2013 Studium an der Kunsthochschule f\u00fcr Medien K\u00f6ln | Diplom &#8211; Valie Export Stahl Stenslie, Peter Zimmermann, Marcel Odenbach, Juergen Klauke 2004 bis 2006 \u2013 Gaststudent an der Kunstakademie D\u00fcsseldorf | Klasse Rosemarie Trockel Oliver Kunkel bewegt sich in seinen Arbeiten an der Grenze zur Wissenschaft. Hierbei ist die Biologie die wohl am h\u00e4ufigsten auftauchende Disziplin. Er bedient sich zum Beispiel des Verhaltens von Insekten, Pflanzen, V\u00f6geln usw., oder aber der Ergebnisse der Klimaforschung, welche eine Grundlage f\u00fcr seine Arbeiten sein k\u00f6nnen. Auf diese Weise entstehen komplexe und vielschichtige Arbeiten, die h\u00e4ufig auch auf den ersten Blick nicht direkt als \u201eKunst\u201c erscheinen. Der konzeptuelle Unterbau und oft auch nur der genaue zweite Blick lassen erahnen, dass es sich hierbei um sehr genau geplante und durchdachte Werke handelt. Somit ist viel Zeit beim betrachten und entdecken seiner Arbeiten n\u00f6tig und wichtig.<\/p>\n","protected":false},"author":1,"featured_media":0,"parent":0,"menu_order":0,"comment_status":"closed","ping_status":"closed","template":"","meta":{"footnotes":""},"class_list":["post-33","page","type-page","status-publish","hentry"],"yoast_head":"<!-- This site is optimized with the Yoast SEO plugin v23.2 - https:\/\/yoast.com\/wordpress\/plugins\/seo\/ -->\n<title>VITA - oliverkunkel.com<\/title>\n<meta name=\"robots\" content=\"noindex, follow, max-snippet:-1, max-image-preview:large, max-video-preview:-1\" \/>\n<meta property=\"og:locale\" content=\"de_DE\" \/>\n<meta property=\"og:type\" content=\"article\" \/>\n<meta property=\"og:title\" content=\"VITA - oliverkunkel.com\" \/>\n<meta property=\"og:description\" content=\"Vita Oliver Kunkel &#8211; K\u00fcnstler *1973 in Frankfurt am Main | lebt und arbeitet in K\u00f6ln Ausbildung 2001 bis 2007 \u2013 Studium an der Kunsthochschule f\u00fcr Medien K\u00f6ln | Diplom &#8211; Valie Export Stahl Stenslie, Peter Zimmermann, Marcel Odenbach, Juergen Klauke 2004 bis 2006 \u2013 Gaststudent an der Kunstakademie D\u00fcsseldorf | Klasse Rosemarie Trockel Oliver Kunkel bewegt sich in seinen Arbeiten an der Grenze zur Wissenschaft. Hierbei ist die Biologie die wohl am h\u00e4ufigsten auftauchende Disziplin. Er bedient sich zum Beispiel des Verhaltens von Insekten, Pflanzen, V\u00f6geln usw., oder aber der Ergebnisse der Klimaforschung, welche eine Grundlage f\u00fcr seine Arbeiten sein k\u00f6nnen. Auf diese Weise entstehen komplexe und vielschichtige Arbeiten, die h\u00e4ufig auch auf den ersten Blick nicht direkt als \u201eKunst\u201c erscheinen. Der konzeptuelle Unterbau und oft auch nur der genaue zweite Blick lassen erahnen, dass es sich hierbei um sehr genau geplante und durchdachte Werke handelt. Somit ist viel Zeit beim betrachten und entdecken seiner Arbeiten n\u00f6tig und wichtig.\" \/>\n<meta property=\"og:url\" content=\"https:\/\/oliverkunkel.com\/oliverkunkel\/neu\/vita\/\" \/>\n<meta property=\"og:site_name\" content=\"oliverkunkel.com\" \/>\n<meta property=\"article:modified_time\" content=\"2021-12-20T09:06:51+00:00\" \/>\n<meta property=\"og:image\" content=\"http:\/\/oliverkunkel.com\/oliverkunkel\/neu\/wp-content\/uploads\/2021\/11\/oliver-kunkel-artist-portrait-by-andrea-schoenwandt-koeln.jpg\" \/>\n<meta name=\"twitter:card\" content=\"summary_large_image\" \/>\n<meta name=\"twitter:label1\" content=\"Gesch\u00e4tzte Lesezeit\" \/>\n\t<meta name=\"twitter:data1\" content=\"2\u00a0Minuten\" \/>\n<script type=\"application\/ld+json\" class=\"yoast-schema-graph\">{\"@context\":\"https:\/\/schema.org\",\"@graph\":[{\"@type\":\"WebPage\",\"@id\":\"https:\/\/oliverkunkel.com\/oliverkunkel\/neu\/vita\/\",\"url\":\"https:\/\/oliverkunkel.com\/oliverkunkel\/neu\/vita\/\",\"name\":\"VITA - oliverkunkel.com\",\"isPartOf\":{\"@id\":\"https:\/\/oliverkunkel.com\/oliverkunkel\/neu\/#website\"},\"primaryImageOfPage\":{\"@id\":\"https:\/\/oliverkunkel.com\/oliverkunkel\/neu\/vita\/#primaryimage\"},\"image\":{\"@id\":\"https:\/\/oliverkunkel.com\/oliverkunkel\/neu\/vita\/#primaryimage\"},\"thumbnailUrl\":\"http:\/\/oliverkunkel.com\/oliverkunkel\/neu\/wp-content\/uploads\/2021\/11\/oliver-kunkel-artist-portrait-by-andrea-schoenwandt-koeln.jpg\",\"datePublished\":\"2021-11-17T18:40:14+00:00\",\"dateModified\":\"2021-12-20T09:06:51+00:00\",\"breadcrumb\":{\"@id\":\"https:\/\/oliverkunkel.com\/oliverkunkel\/neu\/vita\/#breadcrumb\"},\"inLanguage\":\"de\",\"potentialAction\":[{\"@type\":\"ReadAction\",\"target\":[\"https:\/\/oliverkunkel.com\/oliverkunkel\/neu\/vita\/\"]}]},{\"@type\":\"ImageObject\",\"inLanguage\":\"de\",\"@id\":\"https:\/\/oliverkunkel.com\/oliverkunkel\/neu\/vita\/#primaryimage\",\"url\":\"http:\/\/oliverkunkel.com\/oliverkunkel\/neu\/wp-content\/uploads\/2021\/11\/oliver-kunkel-artist-portrait-by-andrea-schoenwandt-koeln.jpg\",\"contentUrl\":\"http:\/\/oliverkunkel.com\/oliverkunkel\/neu\/wp-content\/uploads\/2021\/11\/oliver-kunkel-artist-portrait-by-andrea-schoenwandt-koeln.jpg\"},{\"@type\":\"BreadcrumbList\",\"@id\":\"https:\/\/oliverkunkel.com\/oliverkunkel\/neu\/vita\/#breadcrumb\",\"itemListElement\":[{\"@type\":\"ListItem\",\"position\":1,\"name\":\"Startseite\",\"item\":\"https:\/\/oliverkunkel.com\/oliverkunkel\/neu\/\"},{\"@type\":\"ListItem\",\"position\":2,\"name\":\"VITA\"}]},{\"@type\":\"WebSite\",\"@id\":\"https:\/\/oliverkunkel.com\/oliverkunkel\/neu\/#website\",\"url\":\"https:\/\/oliverkunkel.com\/oliverkunkel\/neu\/\",\"name\":\"oliverkunkel.com\",\"description\":\"artist\",\"potentialAction\":[{\"@type\":\"SearchAction\",\"target\":{\"@type\":\"EntryPoint\",\"urlTemplate\":\"https:\/\/oliverkunkel.com\/oliverkunkel\/neu\/?s={search_term_string}\"},\"query-input\":\"required name=search_term_string\"}],\"inLanguage\":\"de\"}]}<\/script>\n<!-- \/ Yoast SEO plugin. -->","yoast_head_json":{"title":"VITA - oliverkunkel.com","robots":{"index":"noindex","follow":"follow","max-snippet":"max-snippet:-1","max-image-preview":"max-image-preview:large","max-video-preview":"max-video-preview:-1"},"og_locale":"de_DE","og_type":"article","og_title":"VITA - oliverkunkel.com","og_description":"Vita Oliver Kunkel &#8211; K\u00fcnstler *1973 in Frankfurt am Main | lebt und arbeitet in K\u00f6ln Ausbildung 2001 bis 2007 \u2013 Studium an der Kunsthochschule f\u00fcr Medien K\u00f6ln | Diplom &#8211; Valie Export Stahl Stenslie, Peter Zimmermann, Marcel Odenbach, Juergen Klauke 2004 bis 2006 \u2013 Gaststudent an der Kunstakademie D\u00fcsseldorf | Klasse Rosemarie Trockel Oliver Kunkel bewegt sich in seinen Arbeiten an der Grenze zur Wissenschaft. Hierbei ist die Biologie die wohl am h\u00e4ufigsten auftauchende Disziplin. Er bedient sich zum Beispiel des Verhaltens von Insekten, Pflanzen, V\u00f6geln usw., oder aber der Ergebnisse der Klimaforschung, welche eine Grundlage f\u00fcr seine Arbeiten sein k\u00f6nnen. Auf diese Weise entstehen komplexe und vielschichtige Arbeiten, die h\u00e4ufig auch auf den ersten Blick nicht direkt als \u201eKunst\u201c erscheinen. Der konzeptuelle Unterbau und oft auch nur der genaue zweite Blick lassen erahnen, dass es sich hierbei um sehr genau geplante und durchdachte Werke handelt. Somit ist viel Zeit beim betrachten und entdecken seiner Arbeiten n\u00f6tig und wichtig.","og_url":"https:\/\/oliverkunkel.com\/oliverkunkel\/neu\/vita\/","og_site_name":"oliverkunkel.com","article_modified_time":"2021-12-20T09:06:51+00:00","og_image":[{"url":"http:\/\/oliverkunkel.com\/oliverkunkel\/neu\/wp-content\/uploads\/2021\/11\/oliver-kunkel-artist-portrait-by-andrea-schoenwandt-koeln.jpg"}],"twitter_card":"summary_large_image","twitter_misc":{"Gesch\u00e4tzte Lesezeit":"2\u00a0Minuten"},"schema":{"@context":"https:\/\/schema.org","@graph":[{"@type":"WebPage","@id":"https:\/\/oliverkunkel.com\/oliverkunkel\/neu\/vita\/","url":"https:\/\/oliverkunkel.com\/oliverkunkel\/neu\/vita\/","name":"VITA - oliverkunkel.com","isPartOf":{"@id":"https:\/\/oliverkunkel.com\/oliverkunkel\/neu\/#website"},"primaryImageOfPage":{"@id":"https:\/\/oliverkunkel.com\/oliverkunkel\/neu\/vita\/#primaryimage"},"image":{"@id":"https:\/\/oliverkunkel.com\/oliverkunkel\/neu\/vita\/#primaryimage"},"thumbnailUrl":"http:\/\/oliverkunkel.com\/oliverkunkel\/neu\/wp-content\/uploads\/2021\/11\/oliver-kunkel-artist-portrait-by-andrea-schoenwandt-koeln.jpg","datePublished":"2021-11-17T18:40:14+00:00","dateModified":"2021-12-20T09:06:51+00:00","breadcrumb":{"@id":"https:\/\/oliverkunkel.com\/oliverkunkel\/neu\/vita\/#breadcrumb"},"inLanguage":"de","potentialAction":[{"@type":"ReadAction","target":["https:\/\/oliverkunkel.com\/oliverkunkel\/neu\/vita\/"]}]},{"@type":"ImageObject","inLanguage":"de","@id":"https:\/\/oliverkunkel.com\/oliverkunkel\/neu\/vita\/#primaryimage","url":"http:\/\/oliverkunkel.com\/oliverkunkel\/neu\/wp-content\/uploads\/2021\/11\/oliver-kunkel-artist-portrait-by-andrea-schoenwandt-koeln.jpg","contentUrl":"http:\/\/oliverkunkel.com\/oliverkunkel\/neu\/wp-content\/uploads\/2021\/11\/oliver-kunkel-artist-portrait-by-andrea-schoenwandt-koeln.jpg"},{"@type":"BreadcrumbList","@id":"https:\/\/oliverkunkel.com\/oliverkunkel\/neu\/vita\/#breadcrumb","itemListElement":[{"@type":"ListItem","position":1,"name":"Startseite","item":"https:\/\/oliverkunkel.com\/oliverkunkel\/neu\/"},{"@type":"ListItem","position":2,"name":"VITA"}]},{"@type":"WebSite","@id":"https:\/\/oliverkunkel.com\/oliverkunkel\/neu\/#website","url":"https:\/\/oliverkunkel.com\/oliverkunkel\/neu\/","name":"oliverkunkel.com","description":"artist","potentialAction":[{"@type":"SearchAction","target":{"@type":"EntryPoint","urlTemplate":"https:\/\/oliverkunkel.com\/oliverkunkel\/neu\/?s={search_term_string}"},"query-input":"required name=search_term_string"}],"inLanguage":"de"}]}},"acf":[],"_links":{"self":[{"href":"https:\/\/oliverkunkel.com\/oliverkunkel\/neu\/wp-json\/wp\/v2\/pages\/33"}],"collection":[{"href":"https:\/\/oliverkunkel.com\/oliverkunkel\/neu\/wp-json\/wp\/v2\/pages"}],"about":[{"href":"https:\/\/oliverkunkel.com\/oliverkunkel\/neu\/wp-json\/wp\/v2\/types\/page"}],"author":[{"embeddable":true,"href":"https:\/\/oliverkunkel.com\/oliverkunkel\/neu\/wp-json\/wp\/v2\/users\/1"}],"replies":[{"embeddable":true,"href":"https:\/\/oliverkunkel.com\/oliverkunkel\/neu\/wp-json\/wp\/v2\/comments?post=33"}],"version-history":[{"count":48,"href":"https:\/\/oliverkunkel.com\/oliverkunkel\/neu\/wp-json\/wp\/v2\/pages\/33\/revisions"}],"predecessor-version":[{"id":569,"href":"https:\/\/oliverkunkel.com\/oliverkunkel\/neu\/wp-json\/wp\/v2\/pages\/33\/revisions\/569"}],"wp:attachment":[{"href":"https:\/\/oliverkunkel.com\/oliverkunkel\/neu\/wp-json\/wp\/v2\/media?parent=33"}],"curies":[{"name":"wp","href":"https:\/\/api.w.org\/{rel}","templated":true}]}}